{"id":894,"date":"2020-06-26T11:45:14","date_gmt":"2020-06-26T11:45:14","guid":{"rendered":"https:\/\/marbelmonte.com\/?page_id=894"},"modified":"2020-06-26T11:45:20","modified_gmt":"2020-06-26T11:45:20","slug":"politica-de-privacidad","status":"publish","type":"page","link":"https:\/\/marbelmonte.com\/en\/politica-de-privacidad\/","title":{"rendered":"Politica de privacidad"},"content":{"rendered":"<p>[et_pb_section fb_built=\u00bb1&#8243; _builder_version=\u00bb4.4.8&#8243;][et_pb_row _builder_version=\u00bb4.4.8&#8243;][et_pb_column type=\u00bb4_4&#8243; _builder_version=\u00bb4.4.8&#8243;][et_pb_text _builder_version=\u00bb4.4.8&#8243; text_font=\u00bbMontserrat|300|||||||\u00bb header_font=\u00bbDammiano||||||||\u00bb header_font_size=\u00bb92px\u00bb header_2_font=\u00bbMontserrat|||on|||||\u00bb header_2_font_size=\u00bb23px\u00bb header_2_letter_spacing=\u00bb6px\u00bb hover_enabled=\u00bb0&#8243; text_line_height=\u00bb1.7em\u00bb]<\/p>\n<h1 style=\"text-align: center;\">Pol\u00edtica de privacidad<\/h1>\n<h2>1. PRINCIPIO DE INFORMACI\u00d3N<\/h2>\n<p>En cumplimiento de lo establecido en el art\u00edculo 5 de la Ley Org\u00e1nica 15\/1999, de 13 de diciembre, de Protecci\u00f3n de Datos de Car\u00e1cter Personal (en adelante, LOPD), le informamos de modo expreso, preciso e inequ\u00edvoco que los datos facilitados por usted a trav\u00e9s de los formularios dispuestos al efecto en nuestra p\u00e1gina web o en cualquier otro canal de recogida de los mismos, as\u00ed como los que se generen durante su relaci\u00f3n con nuestra entidad, ser\u00e1n objeto de tratamiento en los ficheros responsabilidad de Mar Belmonte, que si correspondiera, ser\u00eda debidamente notificado en el Registro General de la Agencia Espa\u00f1ola de Protecci\u00f3n de Datos, con la finalidad del mantenimiento y cumplimiento de la relaci\u00f3n del destinatario del servicio con nuestra entidad y prestaci\u00f3n de servicios derivada de la misma.<\/p>\n<p>As\u00ed mismo, en cumplimiento de lo establecido en la citada LOPD y en la Ley 34\/2002, de 11 de julio, de Servicios de la Sociedad de la Informaci\u00f3n y de Comercio Electr\u00f3nico (en adelante, LSSI-CE), le informamos que sus datos podr\u00e1n ser utilizados con la finalidad de enviarle comunicaciones comerciales y de cortes\u00eda relacionadas con nuestra entidad a trav\u00e9s del tel\u00e9fono o email.<\/p>\n<p>De igual manera, le informamos que sus datos ser\u00e1n cedidos en todos aquellos casos en que sea necesario para el desarrollo, cumplimiento y control de la relaci\u00f3n del destinatario del servicio con nuestra entidad o en los supuestos en que lo autorice una norma con rango de ley y, en particular, cuando concurra uno de los supuestos siguientes: a) El tratamiento o la cesi\u00f3n tengan por objeto la satisfacci\u00f3n de un inter\u00e9s leg\u00edtimo del responsable del tratamiento o del cesionario amparado por dicha norma; b) El tratamiento o la cesi\u00f3n de los datos sean necesarios para que el responsable del tratamiento cumpla un deber que le imponga dicha norma.<\/p>\n<h2>2. PRINCIPIO DEL CONSENTIMIENTO<\/h2>\n<p>El consentimiento para el tratamiento de sus datos con las finalidades descritas en el apartado anterior se entender\u00e1 prestado a trav\u00e9s de la marcaci\u00f3n de las casillas correspondientes dispuestas al efecto en nuestra p\u00e1gina web.<\/p>\n<h2>3. CAR\u00c1CTER OBLIGATORIO DE LOS DATOS SOLICITADOS<\/h2>\n<p>La cumplimentaci\u00f3n de todos y cada uno de los campos que aparecen en los formularios dispuestos al efecto en nuestra p\u00e1gina web tiene car\u00e1cter obligatorio (en caso contrario, aparecer\u00e1n marcados con un asterisco los campos que tengan car\u00e1cter obligatorio). La negativa a facilitar sus datos llevar\u00eda aparejada la imposibilidad del mantenimiento y cumplimiento de la relaci\u00f3n del destinatario del servicio con Mar Belmonte, ya que los mismos son necesarios para la prestaci\u00f3n de servicios derivada de la misma.<\/p>\n<h2>4. PRINCIPIO DE CALIDAD DE LOS DATOS<\/h2>\n<p>El destinatario del servicio ser\u00e1 el \u00fanico responsable de la veracidad y exactitud de los datos aportados, actuando Mar Belmonte de buena f\u00e9 como mero prestador del servicio.<\/p>\n<p>En el supuesto de que el destinatario del servicio facilite datos falsos o de terceras personas sin mediar su consentimiento para ello, responder\u00e1 personalmente frente a Mar Belmonte, los posibles afectados o interesados, Agencia Espa\u00f1ola de Protecci\u00f3n de Datos y, en su caso, autoridades auton\u00f3micas de protecci\u00f3n de datos, de las responsabilidades derivadas de dicha circunstancia.<\/p>\n<p>Mar Belmonte no recoge datos de personas menores de catorce a\u00f1os a trav\u00e9s de su p\u00e1gina web. En el supuesto de que una persona menor de catorce a\u00f1os facilite sus datos a trav\u00e9s de los formularios dispuestos al efecto en nuestra p\u00e1gina web o en cualquier otro canal de recogida de los mismos, se proceder\u00e1 a su destrucci\u00f3n inmediata en el mismo momento en que se tenga conocimiento de tal circunstancia.<\/p>\n<p>Con la finalidad de dar cumplimiento a lo establecido en el art\u00edculo 4.3 de la LOPD, el destinatario del servicio se compromete a comunicar a Mar Belmonte los cambios que se produzcan en sus datos, de forma que respondan con veracidad a su situaci\u00f3n actual en todo momento.<\/p>\n<h2>5. HERRAMIENTAS DE SEGUIMIENTO DE LA NAVEGACI\u00d3N<\/h2>\n<p>Para la utilizaci\u00f3n de nuestro sitio web es necesario la utilizaci\u00f3n de cookies. Las cookies se utilizan con la finalidad de mejorar su experiencia de navegaci\u00f3n y recoger datos estad\u00edsticos de forma an\u00f3nima, si usted lo desea puede configurar su navegador para ser avisado en pantalla de la recepci\u00f3n de cookies y para impedir la instalaci\u00f3n de cookies en su disco duro. Por favor, consulte las instrucciones y manuales de su navegador para ampliar esta informaci\u00f3n.<\/p>\n<p>Para la utilizaci\u00f3n de nuestro sitio web se utilizan herramientas de seguimiento de la navegaci\u00f3n a trav\u00e9s de la misma y direcci\u00f3n IP del destinatario del servicio, con la finalidad de mejorar y garantizar la prestaci\u00f3n de servicios y el funcionamiento t\u00e9cnico de la misma.<\/p>\n<h2>6. PRINCIPIO DE SEGURIDAD DE LOS DATOS<\/h2>\n<p>Mar Belmonte se compromete al cumplimiento de su obligaci\u00f3n de secreto respecto de los datos de car\u00e1cter personal y de su deber de guardarlos y adoptar\u00e1 todas las medidas de \u00edndole t\u00e9cnica y organizativa necesarias que garanticen la seguridad de los datos de car\u00e1cter personal y eviten su alteraci\u00f3n, p\u00e9rdida, tratamiento o acceso no autorizado, habida cuenta del estado de la tecnolog\u00eda, la naturaleza de los datos almacenados y los riesgos a que est\u00e9n expuestos, ya provengan de la acci\u00f3n humana o del medio f\u00edsico o natural, desarrolladas en el T\u00edtulo VIII del Real Decreto 1720\/2007, de 21 de diciembre, por el que se aprueba el Reglamento de desarrollo de la Ley Org\u00e1nica 15\/1999, de 13 de diciembre, de Protecci\u00f3n de Datos de Car\u00e1cter Personal.<\/p>\n<p>&nbsp;<\/p>\n<h2>7. ENLACES EXTERNOS<\/h2>\n<p>Mar Belmonte no se hace responsable del uso o navegaci\u00f3n que se realice en los enlaces externos que queden fuera de su dominio principal.<\/p>\n<p>&nbsp;<\/p>\n<h2>8. EJERCICIO DE DERECHOS<\/h2>\n<p>En cumplimiento de lo establecido en la LOPD y el Real Decreto 1720\/2007, de 21 de diciembre, por el que se aprueba el Reglamento de desarrollo de la misma, el destinatario del servicio puede ejercitar, en cualquier momento, sus derechos de acceso, rectificaci\u00f3n, cancelaci\u00f3n y oposici\u00f3n, adjuntando fotocopia de su DNI ante el responsable del fichero o del tratamiento Mar Belmonte en del email marmakeup03@gmail.com<\/p>\n<p>&nbsp;<\/p>\n<h2>9. LEGISLACI\u00d3N Y RESOLUCI\u00d3N DE CONFLICTOS<\/h2>\n<p>Las partes se someten, a su elecci\u00f3n, para la resoluci\u00f3n de los conflictos y con renuncia a cualquier otro fuero, a los juzgados y tribunales del domicilio del usuario.<\/p>\n<p>&nbsp;<\/p>\n<h2>10. RESPONSABLE DEL FICHERO O DEL TRATAMIENTO<\/h2>\n<p>El responsable del fichero o del tratamiento es Mar Belmonte<\/p>\n<p>&nbsp;<\/p>\n<h2>11. MODIFICACI\u00d3N DE LA PRESENTE POL\u00cdTICA DE PRIVACIDAD<\/h2>\n<p>Mar Belmonte se reserva el derecho a modificar la presente pol\u00edtica para adaptarla a futuras novedades legislativas o jurisprudenciales, as\u00ed como a pr\u00e1cticas de la industria, informando previamente a los usuarios de los cambios que en ella se produzcan.<\/p>\n<p>[\/et_pb_text][\/et_pb_column][\/et_pb_row][\/et_pb_section]<\/p>\n","protected":false},"excerpt":{"rendered":"<p>Pol\u00edtica de privacidad 1. PRINCIPIO DE INFORMACI\u00d3N En cumplimiento de lo establecido en el art\u00edculo 5 de la Ley Org\u00e1nica 15\/1999, de 13 de diciembre, de Protecci\u00f3n de Datos de Car\u00e1cter Personal (en adelante, LOPD), le informamos de modo expreso, preciso e inequ\u00edvoco que los datos facilitados por usted a trav\u00e9s de los formularios dispuestos [&hellip;]<\/p>\n","protected":false},"author":3,"featured_media":0,"parent":0,"menu_order":0,"comment_status":"closed","ping_status":"closed","template":"","meta":{"_et_pb_use_builder":"on","_et_pb_old_content":"","_et_gb_content_width":"","footnotes":""},"class_list":["post-894","page","type-page","status-publish","hentry"],"_links":{"self":[{"href":"https:\/\/marbelmonte.com\/en\/wp-json\/wp\/v2\/pages\/894","targetHints":{"allow":["GET"]}}],"collection":[{"href":"https:\/\/marbelmonte.com\/en\/wp-json\/wp\/v2\/pages"}],"about":[{"href":"https:\/\/marbelmonte.com\/en\/wp-json\/wp\/v2\/types\/page"}],"author":[{"embeddable":true,"href":"https:\/\/marbelmonte.com\/en\/wp-json\/wp\/v2\/users\/3"}],"replies":[{"embeddable":true,"href":"https:\/\/marbelmonte.com\/en\/wp-json\/wp\/v2\/comments?post=894"}],"version-history":[{"count":3,"href":"https:\/\/marbelmonte.com\/en\/wp-json\/wp\/v2\/pages\/894\/revisions"}],"predecessor-version":[{"id":899,"href":"https:\/\/marbelmonte.com\/en\/wp-json\/wp\/v2\/pages\/894\/revisions\/899"}],"wp:attachment":[{"href":"https:\/\/marbelmonte.com\/en\/wp-json\/wp\/v2\/media?parent=894"}],"curies":[{"name":"wp","href":"https:\/\/api.w.org\/{rel}","templated":true}]}}