{"id":887,"date":"2020-06-26T11:35:34","date_gmt":"2020-06-26T11:35:34","guid":{"rendered":"https:\/\/marbelmonte.com\/?page_id=887"},"modified":"2020-06-26T11:46:25","modified_gmt":"2020-06-26T11:46:25","slug":"cookies","status":"publish","type":"page","link":"https:\/\/marbelmonte.com\/en\/cookies\/","title":{"rendered":"Cookies"},"content":{"rendered":"<p>[et_pb_section fb_built=\u00bb1&#8243; _builder_version=\u00bb4.4.8&#8243;][et_pb_row _builder_version=\u00bb4.4.8&#8243;][et_pb_column type=\u00bb4_4&#8243; _builder_version=\u00bb4.4.8&#8243;][et_pb_text _builder_version=\u00bb4.4.8&#8243; text_font=\u00bbMontserrat|300|||||||\u00bb header_font=\u00bbDammiano||||||||\u00bb header_font_size=\u00bb92px\u00bb header_2_font=\u00bbMontserrat|||on|||||\u00bb header_2_font_size=\u00bb23px\u00bb header_2_letter_spacing=\u00bb6px\u00bb hover_enabled=\u00bb0&#8243; text_line_height=\u00bb1.7em\u00bb]<\/p>\n<h1 style=\"text-align: center;\">Pol\u00edtica de cookies<\/h1>\n<h2>1. COOKIES<\/h2>\n<p>Este Web utiliza cookies propias y de terceros para ofrecerle una mejor experiencia y servicio. Al navegar o utilizar nuestros servicios el usuario acepta el uso que hacemos de las cookies. Sin embargo, el usuario tiene la opci\u00f3n de impedir la generaci\u00f3n de cookies y la eliminaci\u00f3n de las mismas mediante la selecci\u00f3n de la correspondiente opci\u00f3n en su Navegador. En caso de bloquear el uso de cookies en su navegador es posible que algunos servicios o funcionalidades de la p\u00e1gina Web no est\u00e9n disponibles.<\/p>\n<p>&nbsp;<\/p>\n<h2>2. \u00bfQU\u00c9 ES UNA COOKIE?<\/h2>\n<p>Una cookie es un peque\u00f1o fragmento de texto que los sitios Web env\u00edan al navegador y que se almacenan en el terminal del usuario, el cual puede ser un ordenador personal, un tel\u00e9fono m\u00f3vil, un tablet, etc.. Estos archivos permiten que el sitio Web recuerde informaci\u00f3n sobre su visita, como el idioma y las opciones preferidas, lo que puede facilitar su pr\u00f3xima visita y hacer que el sitio resulte m\u00e1s \u00fatil al personalizar su contenido. Las cookies desempe\u00f1an un papel muy importante, al mejorar la experiencia de uso de la Web.<\/p>\n<p>&nbsp;<\/p>\n<h2>3. TIPOS DE COOKIES UTILIZADAS<\/h2>\n<p>&nbsp;<\/p>\n<p>Este Web utiliza tanto cookies temporales de sesi\u00f3n como cookies permanentes. Las cookies de sesi\u00f3n almacenan datos \u00fanicamente mientras el usuario accede al Web y las cookies permanentes almacenan los datos en el terminal para que sean accedidos y utilizados en m\u00e1s de una sesi\u00f3n.<\/p>\n<p>Seg\u00fan la finalidad para la que se traten los datos obtenidos a trav\u00e9s de las cookies, la Web puede utilizar:<\/p>\n<p><strong>Cookies t\u00e9cnicas<\/strong><br \/> Son aqu\u00e9llas que permiten al usuario la navegaci\u00f3n a trav\u00e9s de la p\u00e1gina Web o aplicaci\u00f3n y la utilizaci\u00f3n de las diferentes opciones o servicios que en ella existen. Por ejemplo, controlar el tr\u00e1fico y la comunicaci\u00f3n de datos, identificar y mantener la sesi\u00f3n del usuario, acceder a las partes Web de acceso restringido, recordar los elementos que integran un pedido, realizar la solicitud de inscripci\u00f3n o participaci\u00f3n en un evento, utilizar elementos de seguridad durante la navegaci\u00f3n y almacenar contenidos para la difusi\u00f3n de videos o sonido.<\/p>\n<p><strong>Cookies permanentes<\/strong><br \/> Son aquellas que se almacenan en el disco duro y nuestra web las lee cada vez que se realiza una nueva visita. Una cookie permanente posee una fecha de expiraci\u00f3n determinada. La cookie dejar\u00e1 de funcionar despu\u00e9s de esa fecha.<\/p>\n<p><strong>Cookies de personalizaci\u00f3n<\/strong><br \/> Son aqu\u00e9llas que permiten al usuario acceder al servicio con algunas caracter\u00edsticas de car\u00e1cter general predefinidas en su terminal o que el propio usuario defina. Por ejemplo, el idioma, el tipo de navegador a trav\u00e9s del cual accede al servicio, el dise\u00f1o de contenidos seleccionado, geolocalizaci\u00f3n del terminal y la configuraci\u00f3n regional desde donde se accede al servicio.<\/p>\n<p><strong>Cookies publicitarias<\/strong><br \/> Son aquellas que permiten la gesti\u00f3n eficaz de los espacios publicitarios que se han incluido en la p\u00e1gina Web o aplicaci\u00f3n desde la que se presta el servicio. Permiten adecuar el contenido de la publicidad para que esta sea relevante para el usuario y para evitar mostrar anuncios que el usuario ya haya visto.<\/p>\n<p><strong>Cookies de an\u00e1lisis estad\u00edstico<\/strong><br \/> Son aqu\u00e9llas que permiten realizar el seguimiento y an\u00e1lisis del comportamiento de los usuarios en los sitios Web. La informaci\u00f3n recogida mediante este tipo de cookies se utiliza en la medici\u00f3n de la actividad de los sitios Web, aplicaci\u00f3n o plataforma y para la elaboraci\u00f3n de perfiles de navegaci\u00f3n de los usuarios de dichos sitios, con el fin de introducir mejoras en el servicio en funci\u00f3n de los datos de uso que hacen los usuarios.<\/p>\n<p><strong>Cookies de terceros<\/strong><br \/> En algunas p\u00e1ginas Web se pueden instalar cookies de terceros que permiten gestionar y mejorar los servicios ofrecidos. Como por ejemplo, servicios estad\u00edsticos de Google Analytics.<\/p>\n<h2>4. \u00bfC\u00d3MO ADMINISTRAR LAS COOKIES?<\/h2>\n<p>El usuario tiene la opci\u00f3n de permitir, bloquear o eliminar las cookies instaladas en su equipo mediante la configuraci\u00f3n de las opciones del navegador instalado en su terminal:<\/p>\n<p><strong>Google Chrome<\/strong><\/p>\n<p>Hacer clic en el men\u00fa situado en la barra de herramientas.<br \/> Seleccionar Configuraci\u00f3n.<br \/> Hacer clic en Mostrar opciones avanzadas.<br \/> En la secci\u00f3n \u201cPrivacidad\u201d hacer clic en el bot\u00f3n Configuraci\u00f3n de contenido.<br \/> En la secci\u00f3n de \u201cCookies\u201d se pueden configurar las opciones.<br \/> * M\u00e1s informaci\u00f3n sobre Google Chrome haciendo click aqu\u00ed<\/p>\n<p>&nbsp;<\/p>\n<p><strong>Mozilla Firefox:<\/strong><\/p>\n<p>En la parte superior de la ventana de Firefox hacer clic en el men\u00fa Herramientas.<br \/> Seleccionar Opciones.<br \/> Seleccionar el panel Privacidad.<br \/> En la opci\u00f3n Firefox podr\u00e1 elegir Usar una configuraci\u00f3n personalizada para el historial para configurar las opciones.<br \/> * M\u00e1s informaci\u00f3n sobre Mozilla Firefox haciendo click aqu\u00ed<\/p>\n<p>&nbsp;<\/p>\n<p><strong>Internet Explorer 11:<\/strong><br \/> En la parte superior de la ventana de Internet Explorer hacer clic en el men\u00fa Herramientas.<br \/> Seleccionar la pesta\u00f1a de Seguridad y utilizar la opci\u00f3n Eliminar el historial de exploraci\u00f3n para eliminar las cookies. Activar la casilla Cookies y, a continuaci\u00f3n, hacer clic en Eliminar.<br \/> Seleccionar la pesta\u00f1a de Seguridad y utilizar la Configuraci\u00f3n mover el control deslizante totalmente hacia arriba para bloquear todas las cookies o totalmente hacia abajo para permitir todas las cookies. Tras ello, hacer clic en Aceptar.<\/p>\n<h2>5. CONSENCUENCIA DE BLOQUEAR LAS COOKIES<\/h2>\n<p>En caso de bloquear el uso de cookies en su navegador es posible que algunos servicios o funcionalidades de la p\u00e1gina Web no est\u00e9n disponibles.<\/p>\n<p>En algunos navegadores se pueden configurar reglas espec\u00edficas para administrar cookies por sitio Web, lo que ofrece un control m\u00e1s preciso sobre la privacidad. Esto significa que se puede inhabilitar cookies de todos los sitios salvo de aquellos en los que se conf\u00ede.<\/p>\n<p>[\/et_pb_text][\/et_pb_column][\/et_pb_row][\/et_pb_section]<\/p>\n","protected":false},"excerpt":{"rendered":"<p>Pol\u00edtica de cookies 1. COOKIES Este Web utiliza cookies propias y de terceros para ofrecerle una mejor experiencia y servicio. Al navegar o utilizar nuestros servicios el usuario acepta el uso que hacemos de las cookies. Sin embargo, el usuario tiene la opci\u00f3n de impedir la generaci\u00f3n de cookies y la eliminaci\u00f3n de las mismas [&hellip;]<\/p>\n","protected":false},"author":3,"featured_media":0,"parent":0,"menu_order":0,"comment_status":"closed","ping_status":"closed","template":"","meta":{"_et_pb_use_builder":"on","_et_pb_old_content":"","_et_gb_content_width":"","footnotes":""},"class_list":["post-887","page","type-page","status-publish","hentry"],"_links":{"self":[{"href":"https:\/\/marbelmonte.com\/en\/wp-json\/wp\/v2\/pages\/887","targetHints":{"allow":["GET"]}}],"collection":[{"href":"https:\/\/marbelmonte.com\/en\/wp-json\/wp\/v2\/pages"}],"about":[{"href":"https:\/\/marbelmonte.com\/en\/wp-json\/wp\/v2\/types\/page"}],"author":[{"embeddable":true,"href":"https:\/\/marbelmonte.com\/en\/wp-json\/wp\/v2\/users\/3"}],"replies":[{"embeddable":true,"href":"https:\/\/marbelmonte.com\/en\/wp-json\/wp\/v2\/comments?post=887"}],"version-history":[{"count":7,"href":"https:\/\/marbelmonte.com\/en\/wp-json\/wp\/v2\/pages\/887\/revisions"}],"predecessor-version":[{"id":902,"href":"https:\/\/marbelmonte.com\/en\/wp-json\/wp\/v2\/pages\/887\/revisions\/902"}],"wp:attachment":[{"href":"https:\/\/marbelmonte.com\/en\/wp-json\/wp\/v2\/media?parent=887"}],"curies":[{"name":"wp","href":"https:\/\/api.w.org\/{rel}","templated":true}]}}