{"id":6,"date":"2020-03-26T11:08:14","date_gmt":"2020-03-26T11:08:14","guid":{"rendered":"https:\/\/marbelmonte.com\/?page_id=6"},"modified":"2026-02-24T16:05:54","modified_gmt":"2026-02-24T16:05:54","slug":"inicio","status":"publish","type":"page","link":"https:\/\/marbelmonte.com\/en\/","title":{"rendered":"Inicio"},"content":{"rendered":"<p>[et_pb_section fb_built=\u00bb1&#8243; custom_padding_last_edited=\u00bbon|phone\u00bb disabled_on=\u00bboff|off|off\u00bb admin_label=\u00bbSecci\u00f3n\u00bb _builder_version=\u00bb4.16&#8243; background_image=\u00bbhttps:\/\/marbelmonte.com\/wp-content\/uploads\/2024\/03\/slider-mar-belmonte-2024.jpg\u00bb width=\u00bb100%\u00bb min_height=\u00bb86vh\u00bb min_height_tablet=\u00bb\u00bb min_height_phone=\u00bb70vh\u00bb min_height_last_edited=\u00bbon|phone\u00bb custom_padding_tablet=\u00bb215px||215px||true|false\u00bb custom_padding_phone=\u00bb33vw||33vw||true|false\u00bb background_last_edited=\u00bbon|desktop\u00bb background_image_phone=\u00bbhttps:\/\/marbelmonte.com\/wp-content\/uploads\/2020\/04\/Sin-t\u00edtulossssss-4.jpg\u00bb background_enable_image_phone=\u00bbon\u00bb background_size_phone=\u00bbcover\u00bb background_position_phone=\u00bbbottom_left\u00bb collapsed=\u00bboff\u00bb global_colors_info=\u00bb{}\u00bb][et_pb_row _builder_version=\u00bb4.16&#8243; _module_preset=\u00bbdefault\u00bb global_colors_info=\u00bb{}\u00bb][et_pb_column type=\u00bb4_4&#8243; _builder_version=\u00bb4.16&#8243; _module_preset=\u00bbdefault\u00bb global_colors_info=\u00bb{}\u00bb][et_pb_text admin_label=\u00bbTexto\u00bb _builder_version=\u00bb4.16&#8243; _module_preset=\u00bbdefault\u00bb text_font=\u00bbDammiano||||||||\u00bb text_text_color=\u00bb#FFFFFF\u00bb text_font_size=\u00bb39px\u00bb text_orientation=\u00bbright\u00bb background_layout=\u00bbdark\u00bb text_text_shadow_style=\u00bbpreset1&#8243; text_text_shadow_color=\u00bb#FFFFFF\u00bb global_colors_info=\u00bb{}\u00bb]<\/p>\n<h1 style=\"text-align: right;\">\u00a0<\/h1>\n<p>[\/et_pb_text][\/et_pb_column][\/et_pb_row][\/et_pb_section][et_pb_section fb_built=\u00bb1&#8243; custom_padding_last_edited=\u00bbon|phone\u00bb _builder_version=\u00bb4.16&#8243; custom_padding=\u00bb120px|0px|120px|0px\u00bb custom_padding_tablet=\u00bb\u00bb custom_padding_phone=\u00bb75px|0px|75px|0px|true|false\u00bb global_colors_info=\u00bb{}\u00bb][et_pb_row column_structure=\u00bb1_3,1_3,1_3&#8243; use_custom_gutter=\u00bbon\u00bb gutter_width=\u00bb2&#8243; _builder_version=\u00bb4.16&#8243; global_colors_info=\u00bb{}\u00bb][et_pb_column type=\u00bb1_3&#8243; _builder_version=\u00bb4.16&#8243; custom_padding=\u00bb|||\u00bb global_colors_info=\u00bb{}\u00bb custom_padding__hover=\u00bb|||\u00bb][et_pb_blurb title=\u00bbTratamientos\u00bb url=\u00bbhttps:\/\/marbelmonte.com\/tratamientos\/\u00bb image=\u00bbhttps:\/\/marbelmonte.com\/wp-content\/uploads\/2020\/04\/tratamientos-icono.png\u00bb image_icon_width=\u00bb55%\u00bb admin_label=\u00bbJuice Type\u00bb _builder_version=\u00bb4.16&#8243; header_font=\u00bbDammiano||||||||\u00bb header_text_align=\u00bbcenter\u00bb header_text_color=\u00bb#000000&#8243; header_font_size=\u00bb54px\u00bb header_letter_spacing=\u00bb2px\u00bb header_line_height=\u00bb0.9em\u00bb body_font=\u00bbRaleway||||||||\u00bb body_text_align=\u00bbcenter\u00bb body_text_color=\u00bb#000000&#8243; body_font_size=\u00bb16px\u00bb body_line_height=\u00bb1.8em\u00bb background_color=\u00bb#FFFFFF\u00bb background_layout=\u00bbdark\u00bb custom_padding=\u00bb50px|34px|50px|34px|true|true\u00bb animation_style=\u00bbzoom\u00bb animation_intensity_zoom=\u00bb10%\u00bb animation=\u00bboff\u00bb header_font_size_tablet=\u00bb\u00bb header_font_size_phone=\u00bb11vw\u00bb header_font_size_last_edited=\u00bbon|phone\u00bb border_radii=\u00bbon|6px|6px|6px|6px\u00bb box_shadow_style=\u00bbpreset1&#8243; box_shadow_vertical=\u00bb20px\u00bb box_shadow_blur=\u00bb50px\u00bb box_shadow_color=\u00bbrgba(0,0,0,0.1)\u00bb image_max_width=\u00bb55%\u00bb locked=\u00bboff\u00bb global_colors_info=\u00bb{}\u00bb transform_styles__hover_enabled=\u00bbon|hover\u00bb transform_scale__hover_enabled=\u00bbon|hover\u00bb transform_translate__hover_enabled=\u00bbon|desktop\u00bb transform_rotate__hover_enabled=\u00bbon|desktop\u00bb transform_skew__hover_enabled=\u00bbon|desktop\u00bb transform_origin__hover_enabled=\u00bbon|desktop\u00bb transform_scale__hover=\u00bb110%|110%\u00bb]<\/p>\n<p>Rel\u00e1jate en mi estudio a la vez que cuidas tu piel. Sal con una tez radiante, nutrida, y m\u00e1s bonita que nunca.\u00a0<\/p>\n<p>[\/et_pb_blurb][\/et_pb_column][et_pb_column type=\u00bb1_3&#8243; _builder_version=\u00bb4.16&#8243; custom_padding=\u00bb|||\u00bb global_colors_info=\u00bb{}\u00bb custom_padding__hover=\u00bb|||\u00bb][et_pb_blurb title=\u00bbNovias\u00bb url=\u00bbhttps:\/\/marbelmonte.com\/maquillaje-de-novias\/\u00bb image=\u00bbhttps:\/\/marbelmonte.com\/wp-content\/uploads\/2020\/04\/novias-maquillaje.png\u00bb image_icon_width=\u00bb55%\u00bb admin_label=\u00bbJuice Type\u00bb _builder_version=\u00bb4.16&#8243; header_font=\u00bbDammiano||||||||\u00bb header_text_align=\u00bbcenter\u00bb header_text_color=\u00bb#000000&#8243; header_font_size=\u00bb54px\u00bb header_letter_spacing=\u00bb2px\u00bb header_line_height=\u00bb0.9em\u00bb body_font=\u00bbRaleway||||||||\u00bb body_text_align=\u00bbcenter\u00bb body_text_color=\u00bb#000000&#8243; body_font_size=\u00bb16px\u00bb body_line_height=\u00bb1.8em\u00bb background_color=\u00bb#FFFFFF\u00bb background_layout=\u00bbdark\u00bb custom_padding=\u00bb50px|34px|50px|34px|true|true\u00bb animation_style=\u00bbzoom\u00bb animation_intensity_zoom=\u00bb10%\u00bb animation=\u00bboff\u00bb header_font_size_tablet=\u00bb\u00bb header_font_size_phone=\u00bb11vw\u00bb header_font_size_last_edited=\u00bbon|phone\u00bb border_radii=\u00bbon|6px|6px|6px|6px\u00bb box_shadow_style=\u00bbpreset1&#8243; box_shadow_vertical=\u00bb20px\u00bb box_shadow_blur=\u00bb50px\u00bb box_shadow_color=\u00bbrgba(0,0,0,0.1)\u00bb image_max_width=\u00bb55%\u00bb locked=\u00bboff\u00bb global_colors_info=\u00bb{}\u00bb transform_styles__hover_enabled=\u00bbon|hover\u00bb transform_scale__hover_enabled=\u00bbon|hover\u00bb transform_translate__hover_enabled=\u00bbon|desktop\u00bb transform_rotate__hover_enabled=\u00bbon|desktop\u00bb transform_skew__hover_enabled=\u00bbon|desktop\u00bb transform_origin__hover_enabled=\u00bbon|desktop\u00bb transform_scale__hover=\u00bb110%|110%\u00bb]<\/p>\n<p>Resalta tu belleza natural en uno de los d\u00edas m\u00e1s importantes de tu vida. Camina radiante y segura hacia tu pareja.<\/p>\n<p>[\/et_pb_blurb][\/et_pb_column][et_pb_column type=\u00bb1_3&#8243; _builder_version=\u00bb4.16&#8243; custom_padding=\u00bb|||\u00bb global_colors_info=\u00bb{}\u00bb custom_padding__hover=\u00bb|||\u00bb][et_pb_blurb title=\u00bbShootings\u00bb url=\u00bbhttps:\/\/marbelmonte.com\/shootings\/\u00bb image=\u00bbhttps:\/\/marbelmonte.com\/wp-content\/uploads\/2020\/04\/maquillaje-para-modelos.png\u00bb image_icon_width=\u00bb55%\u00bb admin_label=\u00bbJuice Type\u00bb _builder_version=\u00bb4.16&#8243; header_font=\u00bbDammiano||||||||\u00bb header_text_align=\u00bbcenter\u00bb header_text_color=\u00bb#000000&#8243; header_font_size=\u00bb54px\u00bb header_letter_spacing=\u00bb2px\u00bb header_line_height=\u00bb0.9em\u00bb body_font=\u00bbRaleway||||||||\u00bb body_text_align=\u00bbcenter\u00bb body_text_color=\u00bb#000000&#8243; body_font_size=\u00bb16px\u00bb body_line_height=\u00bb1.8em\u00bb background_color=\u00bb#FFFFFF\u00bb background_layout=\u00bbdark\u00bb custom_padding=\u00bb50px|34px|50px|34px|true|true\u00bb animation_style=\u00bbzoom\u00bb animation_intensity_zoom=\u00bb10%\u00bb animation=\u00bboff\u00bb header_font_size_tablet=\u00bb\u00bb header_font_size_phone=\u00bb11vw\u00bb header_font_size_last_edited=\u00bbon|phone\u00bb border_radii=\u00bbon|6px|6px|6px|6px\u00bb box_shadow_style=\u00bbpreset1&#8243; box_shadow_vertical=\u00bb20px\u00bb box_shadow_blur=\u00bb50px\u00bb box_shadow_color=\u00bbrgba(0,0,0,0.1)\u00bb image_max_width=\u00bb55%\u00bb locked=\u00bboff\u00bb global_colors_info=\u00bb{}\u00bb transform_styles__hover_enabled=\u00bbon|hover\u00bb transform_scale__hover_enabled=\u00bbon|hover\u00bb transform_translate__hover_enabled=\u00bbon|desktop\u00bb transform_rotate__hover_enabled=\u00bbon|desktop\u00bb transform_skew__hover_enabled=\u00bbon|desktop\u00bb transform_origin__hover_enabled=\u00bbon|desktop\u00bb transform_scale__hover=\u00bb110%|110%\u00bb]<\/p>\n<p>Lleva tu idea al siguiente nivel con un maquillaje profesional para tus modelos que perfeccione el shooting.\u00a0<\/p>\n<p>[\/et_pb_blurb][\/et_pb_column][\/et_pb_row][\/et_pb_section][et_pb_section fb_built=\u00bb1&#8243; custom_padding_last_edited=\u00bbon|phone\u00bb _builder_version=\u00bb4.16&#8243; background_image=\u00bbhttps:\/\/marbelmonte.com\/wp-content\/uploads\/2024\/03\/MAR-MAKEUP-047-scaled.jpg\u00bb custom_padding=\u00bb30%|0px|10%|0px|false|false\u00bb custom_padding_tablet=\u00bb\u00bb custom_padding_phone=\u00bb36%|0px|0%|0px|false|false\u00bb background_last_edited=\u00bbon|phone\u00bb background_image_phone=\u00bbhttps:\/\/marbelmonte.com\/wp-content\/uploads\/2020\/06\/sobre-mi-movil-23.jpg\u00bb background_enable_image_phone=\u00bbon\u00bb background_position_phone=\u00bbcenter\u00bb global_colors_info=\u00bb{}\u00bb][et_pb_row _builder_version=\u00bb4.16&#8243; background_color=\u00bbrgba(255,255,255,0.86)\u00bb width_tablet=\u00bb\u00bb width_phone=\u00bb100%\u00bb width_last_edited=\u00bbon|phone\u00bb module_alignment=\u00bbcenter\u00bb custom_padding=\u00bb80px|40px|80px|40px\u00bb animation_style=\u00bbzoom\u00bb animation_intensity_zoom=\u00bb10%\u00bb background_last_edited=\u00bbon|phone\u00bb background_enable_color_phone=\u00bboff\u00bb use_background_color_gradient_phone=\u00bboff\u00bb background_color_gradient_direction_phone=\u00bb180deg\u00bb background_color_gradient_stops_phone=\u00bbrgba(255,255,255,0) 11%|rgba(255,255,255,0.66) 11%\u00bb background_color_gradient_start_phone=\u00bbrgba(255,255,255,0)\u00bb background_color_gradient_start_position_phone=\u00bb11%\u00bb background_color_gradient_end_phone=\u00bbrgba(255,255,255,0.66)\u00bb background_color_gradient_end_position_phone=\u00bb0%\u00bb global_colors_info=\u00bb{}\u00bb][et_pb_column type=\u00bb4_4&#8243; _builder_version=\u00bb4.16&#8243; custom_padding=\u00bb|||\u00bb global_colors_info=\u00bb{}\u00bb custom_padding__hover=\u00bb|||\u00bb][et_pb_cta title=\u00bbSoy mar belmonte\u00bb button_url=\u00bbhttps:\/\/marbelmonte.com\/sobre-mi\/\u00bb button_text=\u00bbmi filosof\u00eda\u00bb admin_label=\u00bbTittle, Paragraph &#038; Call To Action\u00bb _builder_version=\u00bb4.16&#8243; header_font=\u00bbRaleway|300||on|||||\u00bb header_font_size=\u00bb45px\u00bb header_letter_spacing=\u00bb3px\u00bb header_line_height=\u00bb1.4em\u00bb body_font=\u00bbRaleway||||||||\u00bb body_font_size=\u00bb16px\u00bb body_line_height=\u00bb1.8em\u00bb use_background_color=\u00bboff\u00bb custom_button=\u00bbon\u00bb button_text_size=\u00bb14px\u00bb button_text_color=\u00bb#ffffff\u00bb button_bg_color=\u00bb#000000&#8243; button_bg_image=\u00bbhttps:\/\/marbelmonte.com\/wp-content\/uploads\/2020\/04\/dorado.jpg\u00bb button_bg_repeat=\u00bbrepeat\u00bb button_border_width=\u00bb8px\u00bb button_border_color=\u00bbrgba(0,0,0,0)\u00bb button_border_radius=\u00bb0px\u00bb button_letter_spacing=\u00bb2px\u00bb button_font=\u00bbRaleway|700||on|||||\u00bb button_icon=\u00bb&#x35;||divi||400&#8243; background_layout=\u00bblight\u00bb max_width=\u00bb600px\u00bb module_alignment=\u00bbcenter\u00bb custom_margin=\u00bb50px|||\u00bb custom_margin_tablet=\u00bb0px|||\u00bb custom_margin_phone=\u00bb28px||||false|false\u00bb custom_margin_last_edited=\u00bbon|tablet\u00bb custom_padding_tablet=\u00bb\u00bb custom_padding_phone=\u00bb26px|26px|26px|26px|true|true\u00bb custom_padding_last_edited=\u00bbon|phone\u00bb header_text_color_tablet=\u00bb\u00bb header_text_color_phone=\u00bb#000000&#8243; header_text_color_last_edited=\u00bbon|phone\u00bb header_font_size_tablet=\u00bb\u00bb header_font_size_phone=\u00bb5vw\u00bb header_font_size_last_edited=\u00bbon|phone\u00bb body_text_color_tablet=\u00bb\u00bb body_text_color_phone=\u00bb#000000&#8243; body_text_color_last_edited=\u00bbon|phone\u00bb background_color_phone=\u00bbrgba(255,255,255,0.72)\u00bb background_last_edited=\u00bbon|phone\u00bb background_enable_color_phone=\u00bbon\u00bb use_background_color_phone=\u00bbon\u00bb use_background_color_gradient_phone=\u00bboff\u00bb background_color_gradient_stops_phone=\u00bb#2b87da 0%|#29c4a9 100%\u00bb background_color_gradient_start_phone=\u00bb#2b87da\u00bb background_color_gradient_end_phone=\u00bb#29c4a9&#8243; background_layout_tablet=\u00bb\u00bb background_layout_phone=\u00bbdark\u00bb background_layout_last_edited=\u00bbon|phone\u00bb button_text_color_hover=\u00bb#ffffff\u00bb button_border_color_hover=\u00bbrgba(0,0,0,0)\u00bb button_border_radius_hover=\u00bb28px\u00bb button_letter_spacing_hover=\u00bb2px\u00bb button_bg_color_hover=\u00bbrgba(0,0,0,0.7)\u00bb locked=\u00bboff\u00bb global_colors_info=\u00bb{}\u00bb button_text_size__hover_enabled=\u00bboff\u00bb button_one_text_size__hover_enabled=\u00bboff\u00bb button_two_text_size__hover_enabled=\u00bboff\u00bb button_text_color__hover_enabled=\u00bbon|hover\u00bb button_text_color__hover=\u00bb#ffffff\u00bb button_one_text_color__hover_enabled=\u00bboff\u00bb button_two_text_color__hover_enabled=\u00bboff\u00bb button_border_width__hover_enabled=\u00bboff\u00bb button_one_border_width__hover_enabled=\u00bboff\u00bb button_two_border_width__hover_enabled=\u00bboff\u00bb button_border_color__hover_enabled=\u00bboff|hover\u00bb button_border_color__hover=\u00bbrgba(0,0,0,0)\u00bb button_one_border_color__hover_enabled=\u00bboff\u00bb button_two_border_color__hover_enabled=\u00bboff\u00bb button_border_radius__hover_enabled=\u00bbon\u00bb button_border_radius__hover=\u00bb0px\u00bb button_one_border_radius__hover_enabled=\u00bboff\u00bb button_two_border_radius__hover_enabled=\u00bboff\u00bb button_letter_spacing__hover_enabled=\u00bbon\u00bb button_letter_spacing__hover=\u00bb2px\u00bb button_one_letter_spacing__hover_enabled=\u00bboff\u00bb button_two_letter_spacing__hover_enabled=\u00bboff\u00bb button_bg_color__hover_enabled=\u00bboff|hover\u00bb button_bg_color__hover=\u00bbrgba(0,0,0,0.7)\u00bb button_one_bg_color__hover_enabled=\u00bboff\u00bb button_two_bg_color__hover_enabled=\u00bboff\u00bb]<\/p>\n<p>El amor, la constancia y la ilusi\u00f3n son los cimientos de cualquier sue\u00f1o, y no pod\u00eda ser menos con el m\u00edo. Desde peque\u00f1ita ten\u00eda claro lo que quer\u00eda ser, y a los 17 a\u00f1os empec\u00e9 mi formaci\u00f3n. Ahora tengo la suerte de trabajar mostrando la belleza de grandes mujeres.<\/p>\n<p>[\/et_pb_cta][\/et_pb_column][\/et_pb_row][\/et_pb_section][et_pb_section fb_built=\u00bb1&#8243; _builder_version=\u00bb4.16&#8243; use_background_color_gradient=\u00bbon\u00bb background_color_gradient_stops=\u00bb#ffffff 51%|#ffedec 51%\u00bb background_color_gradient_start=\u00bb#ffffff\u00bb background_color_gradient_start_position=\u00bb51%\u00bb background_color_gradient_end=\u00bb#ffedec\u00bb background_color_gradient_end_position=\u00bb0%\u00bb custom_padding=\u00bb93px|||||\u00bb background_last_edited=\u00bbon|phone\u00bb background_color_gradient_stops_phone=\u00bb#ffffff 42%|#ffedec 42%\u00bb background_color_gradient_start_position_phone=\u00bb42%\u00bb global_colors_info=\u00bb{}\u00bb background__hover_enabled=\u00bboff|desktop\u00bb][et_pb_row column_structure=\u00bb1_2,1_2&#8243; _builder_version=\u00bb4.16&#8243; custom_margin=\u00bb-2px|auto||auto||\u00bb global_colors_info=\u00bb{}\u00bb][et_pb_column type=\u00bb1_2&#8243; _builder_version=\u00bb4.16&#8243; global_colors_info=\u00bb{}\u00bb][et_pb_image src=\u00bbhttps:\/\/marbelmonte.com\/wp-content\/uploads\/2020\/03\/maquillaje-en-murcia.jpg\u00bb _builder_version=\u00bb4.16&#8243; custom_margin=\u00bb||0px||false|false\u00bb custom_padding=\u00bb||0px||false|false\u00bb global_colors_info=\u00bb{}\u00bb][\/et_pb_image][et_pb_image src=\u00bbhttps:\/\/marbelmonte.com\/wp-content\/uploads\/2020\/03\/makeup-icono.png\u00bb _builder_version=\u00bb4.16&#8243; transform_rotate=\u00bb0deg|0deg|22deg\u00bb width=\u00bb38%\u00bb custom_margin=\u00bb-114px||0px||false|false\u00bb custom_margin_tablet=\u00bb-158px||||false|false\u00bb custom_margin_phone=\u00bb-101px||||false|false\u00bb custom_margin_last_edited=\u00bbon|phone\u00bb custom_padding=\u00bb0px||0px||true|false\u00bb global_colors_info=\u00bb{}\u00bb][\/et_pb_image][\/et_pb_column][et_pb_column type=\u00bb1_2&#8243; _builder_version=\u00bb4.16&#8243; global_colors_info=\u00bb{}\u00bb][et_pb_text _builder_version=\u00bb4.16&#8243; text_font=\u00bbRaleway||||||||\u00bb text_font_size=\u00bb15px\u00bb text_line_height=\u00bb1.5em\u00bb header_2_font=\u00bbDammiano||||||||\u00bb header_2_font_size=\u00bb87px\u00bb header_2_line_height=\u00bb0.6em\u00bb custom_padding=\u00bb121px||||false|false\u00bb custom_padding_tablet=\u00bb0px||||false|false\u00bb custom_padding_phone=\u00bb\u00bb custom_padding_last_edited=\u00bbon|phone\u00bb global_colors_info=\u00bb{}\u00bb]<\/p>\n<h2>Una nueva forma de concebir el maquillaje<\/h2>\n<p>&nbsp;<\/p>\n<p>Quiero potenciar tu belleza de una forma integrativa, por ello estoy formada tambi\u00e9n en tratamientos que cuidan y miman la piel.<\/p>\n<p>Porque la base de un buen maquillaje es una piel sana y perfecta.<\/p>\n<p>Tanto si quieres estar perfecta para un d\u00eda especial como si quieres mimar tu piel, ven a mi estudio, estudiaremos juntas tu piel y descubriremos los tratamientos que mejor le funcionan. Adem\u00e1s te ayudar\u00e9 a incoporar a tu d\u00eda a d\u00eda una rutina f\u00e1cil que te ayude a tener la piel siempre impecable.<\/p>\n<p>\u00bfEmpezamos?<\/p>\n<p>[\/et_pb_text][et_pb_button button_url=\u00bbhttps:\/\/marbelmonte.com\/contacto\/\u00bb button_text=\u00bb\u00a1Si! \u00bfA d\u00f3nde voy?\u00bb _builder_version=\u00bb4.16&#8243; custom_button=\u00bbon\u00bb button_text_size=\u00bb14px\u00bb button_text_color=\u00bb#ffffff\u00bb button_bg_image=\u00bbhttps:\/\/marbelmonte.com\/wp-content\/uploads\/2020\/04\/dorado.jpg\u00bb button_border_width=\u00bb8px\u00bb button_border_color=\u00bbrgba(0,0,0,0)\u00bb button_border_radius=\u00bb0px\u00bb button_font=\u00bbRaleway|||on|||||\u00bb global_colors_info=\u00bb{}\u00bb][\/et_pb_button][\/et_pb_column][\/et_pb_row][\/et_pb_section][et_pb_section fb_built=\u00bb1&#8243; _builder_version=\u00bb4.16&#8243; custom_padding=\u00bb83px|||||\u00bb global_colors_info=\u00bb{}\u00bb][et_pb_row _builder_version=\u00bb4.16&#8243; global_colors_info=\u00bb{}\u00bb][et_pb_column type=\u00bb4_4&#8243; _builder_version=\u00bb4.16&#8243; global_colors_info=\u00bb{}\u00bb][et_pb_text _builder_version=\u00bb4.16&#8243; header_2_font=\u00bbRaleway|300||on|||||\u00bb header_2_text_align=\u00bbcenter\u00bb global_colors_info=\u00bb{}\u00bb]<\/p>\n<h2>Testimonios<\/h2>\n<p>[\/et_pb_text][\/et_pb_column][\/et_pb_row][et_pb_row _builder_version=\u00bb4.24.3&#8243; _module_preset=\u00bbdefault\u00bb][et_pb_column _builder_version=\u00bb4.24.3&#8243; _module_preset=\u00bbdefault\u00bb type=\u00bb4_4&#8243;][\/et_pb_column][\/et_pb_row][et_pb_row column_structure=\u00bb1_3,1_3,1_3&#8243; _builder_version=\u00bb4.16&#8243; global_colors_info=\u00bb{}\u00bb][et_pb_column type=\u00bb1_3&#8243; _builder_version=\u00bb4.16&#8243; global_colors_info=\u00bb{}\u00bb][et_pb_text module_class=\u00bbdorado\u00bb _builder_version=\u00bb4.16&#8243; header_4_font=\u00bbDammiano||||||||\u00bb header_4_text_color=\u00bbrgba(140,78,92,0)\u00bb header_4_font_size=\u00bb88px\u00bb z_index=\u00bb113&#8243; custom_margin=\u00bb0px||-45px||false|false\u00bb custom_padding=\u00bb||0px||false|false\u00bb header_4_font_size_tablet=\u00bb\u00bb header_4_font_size_phone=\u00bb17vw\u00bb header_4_font_size_last_edited=\u00bbon|phone\u00bb global_colors_info=\u00bb{}\u00bb]<\/p>\n<h4 style=\"text-align: center;\" class=\"dorado\">Alba<\/h4>\n<p>[\/et_pb_text][et_pb_text _builder_version=\u00bb4.16&#8243; text_font=\u00bbRaleway|300|||||||\u00bb text_text_color=\u00bb#000000&#8243; text_line_height=\u00bb1.6em\u00bb background_color=\u00bb#ffedec\u00bb custom_margin=\u00bb0px||||false|false\u00bb custom_padding=\u00bb40px|30px|40px|30px|true|true\u00bb box_shadow_style=\u00bbpreset1&#8243; global_colors_info=\u00bb{}\u00bb]<\/p>\n<p><span>Destacar\u00eda muchas cosas de esta pedazo de profesional, pero sobre todo resalto la tranquilidad que transmite en esos momentos donde los nervios est\u00e1n a flor de piel, la capacidad para adaptarse a cualquier persona y la pasi\u00f3n con la que hace su trabajo.<\/span><\/p>\n<p>[\/et_pb_text][\/et_pb_column][et_pb_column type=\u00bb1_3&#8243; _builder_version=\u00bb4.16&#8243; global_colors_info=\u00bb{}\u00bb][et_pb_text _builder_version=\u00bb4.16&#8243; header_4_font=\u00bbDammiano||||||||\u00bb header_4_text_color=\u00bbrgba(140,78,92,0)\u00bb header_4_font_size=\u00bb88px\u00bb custom_margin=\u00bb0px||-45px||false|false\u00bb custom_padding=\u00bb||0px||false|false\u00bb header_4_font_size_tablet=\u00bb\u00bb header_4_font_size_phone=\u00bb17vw\u00bb header_4_font_size_last_edited=\u00bbon|phone\u00bb global_colors_info=\u00bb{}\u00bb]<\/p>\n<h4 style=\"text-align: center;\" class=\"dorado\">Elisabet<\/h4>\n<p>[\/et_pb_text][et_pb_text _builder_version=\u00bb4.16&#8243; text_font=\u00bbRaleway||||||||\u00bb text_line_height=\u00bb1.6em\u00bb custom_margin=\u00bb0px||||false|false\u00bb custom_padding=\u00bb40px|30px|40px|30px|true|true\u00bb box_shadow_style=\u00bbpreset1&#8243; global_colors_info=\u00bb{}\u00bb]<\/p>\n<p><span>Es una persona que lo que hace es por que le gusta, trato excelente, perfecto, 10.<\/span><\/p>\n<p>[\/et_pb_text][\/et_pb_column][et_pb_column type=\u00bb1_3&#8243; _builder_version=\u00bb4.16&#8243; global_colors_info=\u00bb{}\u00bb][et_pb_text _builder_version=\u00bb4.16&#8243; header_4_font=\u00bbDammiano||||||||\u00bb header_4_text_color=\u00bbrgba(140,78,92,0)\u00bb header_4_font_size=\u00bb88px\u00bb z_index=\u00bb113&#8243; custom_margin=\u00bb0px||-45px||false|false\u00bb custom_padding=\u00bb||0px||false|false\u00bb header_4_font_size_tablet=\u00bb\u00bb header_4_font_size_phone=\u00bb17vw\u00bb header_4_font_size_last_edited=\u00bbon|phone\u00bb global_colors_info=\u00bb{}\u00bb]<\/p>\n<h4 style=\"text-align: center;\" class=\"dorado\">Mari Carmen<\/h4>\n<p>[\/et_pb_text][et_pb_text _builder_version=\u00bb4.16&#8243; text_font=\u00bbRaleway||||||||\u00bb text_line_height=\u00bb1.6em\u00bb background_color=\u00bb#ffedec\u00bb custom_margin=\u00bb0px||||false|false\u00bb custom_padding=\u00bb40px|30px|40px|30px|true|true\u00bb box_shadow_style=\u00bbpreset1&#8243; global_colors_info=\u00bb{}\u00bb]<\/p>\n<p><span>Me encanta cuando me maquilla , es la mejor , es profesional a tope , sus productos me encantan y no tengo que retocarme en 24 horas es impresionante, es la mejor\u00a0<\/span><span class=\"_5mfr\"><span class=\"_6qdm\">\ud83d\ude18<\/span><\/span><span>\u00a0, me gusta mucho su estilo.<\/span><\/p>\n<p>[\/et_pb_text][\/et_pb_column][\/et_pb_row][\/et_pb_section]<\/p>\n","protected":false},"excerpt":{"rendered":"<p>\u00a0Rel\u00e1jate en mi estudio a la vez que cuidas tu piel. Sal con una tez radiante, nutrida, y m\u00e1s bonita que nunca.\u00a0Resalta tu belleza natural en uno de los d\u00edas m\u00e1s importantes de tu vida. Camina radiante y segura hacia tu pareja.Lleva tu idea al siguiente nivel con un maquillaje profesional para tus modelos que [&hellip;]<\/p>\n","protected":false},"author":3,"featured_media":0,"parent":0,"menu_order":0,"comment_status":"closed","ping_status":"closed","template":"","meta":{"_et_pb_use_builder":"on","_et_pb_old_content":"","_et_gb_content_width":"","footnotes":""},"class_list":["post-6","page","type-page","status-publish","hentry"],"_links":{"self":[{"href":"https:\/\/marbelmonte.com\/en\/wp-json\/wp\/v2\/pages\/6","targetHints":{"allow":["GET"]}}],"collection":[{"href":"https:\/\/marbelmonte.com\/en\/wp-json\/wp\/v2\/pages"}],"about":[{"href":"https:\/\/marbelmonte.com\/en\/wp-json\/wp\/v2\/types\/page"}],"author":[{"embeddable":true,"href":"https:\/\/marbelmonte.com\/en\/wp-json\/wp\/v2\/users\/3"}],"replies":[{"embeddable":true,"href":"https:\/\/marbelmonte.com\/en\/wp-json\/wp\/v2\/comments?post=6"}],"version-history":[{"count":51,"href":"https:\/\/marbelmonte.com\/en\/wp-json\/wp\/v2\/pages\/6\/revisions"}],"predecessor-version":[{"id":1388,"href":"https:\/\/marbelmonte.com\/en\/wp-json\/wp\/v2\/pages\/6\/revisions\/1388"}],"wp:attachment":[{"href":"https:\/\/marbelmonte.com\/en\/wp-json\/wp\/v2\/media?parent=6"}],"curies":[{"name":"wp","href":"https:\/\/api.w.org\/{rel}","templated":true}]}}